{"id":92,"date":"2023-03-03T10:57:29","date_gmt":"2023-03-03T10:57:29","guid":{"rendered":"https:\/\/teljo.fi\/nayttely\/?page_id=92"},"modified":"2023-07-07T07:31:06","modified_gmt":"2023-07-07T07:31:06","slug":"aikataulut","status":"publish","type":"page","link":"https:\/\/teljo.fi\/nayttely\/index.php\/aikataulut\/","title":{"rendered":"Aikataulut"},"content":{"rendered":"\t\t<div data-elementor-type=\"wp-page\" data-elementor-id=\"92\" class=\"elementor elementor-92\">\n\t\t\t\t\t\t<section class=\"elementor-section elementor-top-section elementor-element elementor-element-587807a elementor-section-height-min-height elementor-section-content-middle elementor-section-boxed elementor-section-height-default elementor-section-items-middle\" data-id=\"587807a\" data-element_type=\"section\" data-e-type=\"section\" data-settings=\"{&quot;background_background&quot;:&quot;classic&quot;}\">\n\t\t\t\t\t\t<div class=\"elementor-container elementor-column-gap-default\">\n\t\t\t\t\t<div class=\"elementor-column elementor-col-100 elementor-top-column elementor-element elementor-element-eee1367\" data-id=\"eee1367\" data-element_type=\"column\" data-e-type=\"column\">\n\t\t\t<div class=\"elementor-widget-wrap elementor-element-populated\">\n\t\t\t\t\t\t<div class=\"elementor-element elementor-element-c534748 elementor-widget elementor-widget-heading\" data-id=\"c534748\" data-element_type=\"widget\" data-e-type=\"widget\" data-widget_type=\"heading.default\">\n\t\t\t\t<div class=\"elementor-widget-container\">\n\t\t\t\t\t<h2 class=\"elementor-heading-title elementor-size-default\">Kokem\u00e4ki<\/h2>\t\t\t\t<\/div>\n\t\t\t\t<\/div>\n\t\t\t\t<div class=\"elementor-element elementor-element-1e41ff2 elementor-widget elementor-widget-heading\" data-id=\"1e41ff2\" data-element_type=\"widget\" data-e-type=\"widget\" data-widget_type=\"heading.default\">\n\t\t\t\t<div class=\"elementor-widget-container\">\n\t\t\t\t\t<h2 class=\"elementor-heading-title elementor-size-default\">Ryhm\u00e4n\u00e4yttely FCI 1, 3, 5 &amp; 9 <br>\n8.-9.7.2023<\/h2>\t\t\t\t<\/div>\n\t\t\t\t<\/div>\n\t\t\t\t\t<\/div>\n\t\t<\/div>\n\t\t\t\t\t<\/div>\n\t\t<\/section>\n\t\t\t\t<section class=\"elementor-section elementor-top-section elementor-element elementor-element-2414ac0 elementor-section-boxed elementor-section-height-default elementor-section-height-default\" data-id=\"2414ac0\" data-element_type=\"section\" data-e-type=\"section\" data-settings=\"{&quot;background_background&quot;:&quot;classic&quot;}\">\n\t\t\t\t\t\t<div class=\"elementor-container elementor-column-gap-default\">\n\t\t\t\t\t<div class=\"elementor-column elementor-col-100 elementor-top-column elementor-element elementor-element-4a35d56\" data-id=\"4a35d56\" data-element_type=\"column\" data-e-type=\"column\">\n\t\t\t<div class=\"elementor-widget-wrap elementor-element-populated\">\n\t\t\t\t\t\t<div class=\"elementor-element elementor-element-227042a elementor-widget elementor-widget-heading\" data-id=\"227042a\" data-element_type=\"widget\" data-e-type=\"widget\" data-widget_type=\"heading.default\">\n\t\t\t\t<div class=\"elementor-widget-container\">\n\t\t\t\t\t<h2 class=\"elementor-heading-title elementor-size-default\">Yhteisty\u00f6kumppanit<\/h2>\t\t\t\t<\/div>\n\t\t\t\t<\/div>\n\t\t\t\t<section class=\"elementor-section elementor-inner-section elementor-element elementor-element-a32a65c elementor-section-boxed elementor-section-height-default elementor-section-height-default\" data-id=\"a32a65c\" data-element_type=\"section\" data-e-type=\"section\">\n\t\t\t\t\t\t<div class=\"elementor-container elementor-column-gap-default\">\n\t\t\t\t\t<div class=\"elementor-column elementor-col-50 elementor-inner-column elementor-element elementor-element-e7e23c1\" data-id=\"e7e23c1\" data-element_type=\"column\" data-e-type=\"column\">\n\t\t\t<div class=\"elementor-widget-wrap elementor-element-populated\">\n\t\t\t\t\t\t<div class=\"elementor-element elementor-element-2054931 elementor-widget elementor-widget-image\" data-id=\"2054931\" data-element_type=\"widget\" data-e-type=\"widget\" data-widget_type=\"image.default\">\n\t\t\t\t<div class=\"elementor-widget-container\">\n\t\t\t\t\t\t\t\t\t\t\t\t\t\t\t<img fetchpriority=\"high\" decoding=\"async\" width=\"1024\" height=\"503\" src=\"https:\/\/teljo.fi\/nayttely\/wp-content\/uploads\/2023\/03\/sponssit-1-1024x503.png\" class=\"attachment-large size-large wp-image-269\" alt=\"\" srcset=\"https:\/\/teljo.fi\/nayttely\/wp-content\/uploads\/2023\/03\/sponssit-1-1024x503.png 1024w, https:\/\/teljo.fi\/nayttely\/wp-content\/uploads\/2023\/03\/sponssit-1-300x147.png 300w, https:\/\/teljo.fi\/nayttely\/wp-content\/uploads\/2023\/03\/sponssit-1-768x377.png 768w, https:\/\/teljo.fi\/nayttely\/wp-content\/uploads\/2023\/03\/sponssit-1.png 1200w\" sizes=\"(max-width: 1024px) 100vw, 1024px\" \/>\t\t\t\t\t\t\t\t\t\t\t\t\t\t\t<\/div>\n\t\t\t\t<\/div>\n\t\t\t\t\t<\/div>\n\t\t<\/div>\n\t\t\t\t<div class=\"elementor-column elementor-col-50 elementor-inner-column elementor-element elementor-element-2b7d547\" data-id=\"2b7d547\" data-element_type=\"column\" data-e-type=\"column\">\n\t\t\t<div class=\"elementor-widget-wrap elementor-element-populated\">\n\t\t\t\t\t\t<div class=\"elementor-element elementor-element-a2d0673 elementor-widget elementor-widget-image\" data-id=\"a2d0673\" data-element_type=\"widget\" data-e-type=\"widget\" data-widget_type=\"image.default\">\n\t\t\t\t<div class=\"elementor-widget-container\">\n\t\t\t\t\t\t\t\t\t\t\t\t\t\t\t<img decoding=\"async\" width=\"1024\" height=\"662\" src=\"https:\/\/teljo.fi\/nayttely\/wp-content\/uploads\/2023\/07\/www.takkula.fi_-1024x662.jpg\" class=\"attachment-large size-large wp-image-333\" alt=\"\" srcset=\"https:\/\/teljo.fi\/nayttely\/wp-content\/uploads\/2023\/07\/www.takkula.fi_-1024x662.jpg 1024w, https:\/\/teljo.fi\/nayttely\/wp-content\/uploads\/2023\/07\/www.takkula.fi_-300x194.jpg 300w, https:\/\/teljo.fi\/nayttely\/wp-content\/uploads\/2023\/07\/www.takkula.fi_-768x497.jpg 768w, https:\/\/teljo.fi\/nayttely\/wp-content\/uploads\/2023\/07\/www.takkula.fi_.jpg 1280w\" sizes=\"(max-width: 1024px) 100vw, 1024px\" \/>\t\t\t\t\t\t\t\t\t\t\t\t\t\t\t<\/div>\n\t\t\t\t<\/div>\n\t\t\t\t\t<\/div>\n\t\t<\/div>\n\t\t\t\t\t<\/div>\n\t\t<\/section>\n\t\t\t\t\t<\/div>\n\t\t<\/div>\n\t\t\t\t\t<\/div>\n\t\t<\/section>\n\t\t\t\t<section class=\"elementor-section elementor-top-section elementor-element elementor-element-b4ac725 elementor-section-boxed elementor-section-height-default elementor-section-height-default\" data-id=\"b4ac725\" data-element_type=\"section\" data-e-type=\"section\">\n\t\t\t\t\t\t<div class=\"elementor-container elementor-column-gap-default\">\n\t\t\t\t\t<div class=\"elementor-column elementor-col-100 elementor-top-column elementor-element elementor-element-efccfa0\" data-id=\"efccfa0\" data-element_type=\"column\" data-e-type=\"column\">\n\t\t\t<div class=\"elementor-widget-wrap elementor-element-populated\">\n\t\t\t\t\t\t<div class=\"elementor-element elementor-element-330ce94 elementor-widget elementor-widget-heading\" data-id=\"330ce94\" data-element_type=\"widget\" data-e-type=\"widget\" data-widget_type=\"heading.default\">\n\t\t\t\t<div class=\"elementor-widget-container\">\n\t\t\t\t\t<h2 class=\"elementor-heading-title elementor-size-default\">Aikataulu julkaistu 22.6.2023\n \n<\/h2>\t\t\t\t<\/div>\n\t\t\t\t<\/div>\n\t\t\t\t<div class=\"elementor-element elementor-element-bbedf4b elementor-widget elementor-widget-heading\" data-id=\"bbedf4b\" data-element_type=\"widget\" data-e-type=\"widget\" data-widget_type=\"heading.default\">\n\t\t\t\t<div class=\"elementor-widget-container\">\n\t\t\t\t\t<h2 class=\"elementor-heading-title elementor-size-default\"><a href=\"https:\/\/teljo.fi\/nayttely\/wp-content\/uploads\/2023\/06\/Aikataulukirje-Kokemaki-RN-8-9.7.2023.pdf\">Aikataulukirje (pdf)<\/a><\/h2>\t\t\t\t<\/div>\n\t\t\t\t<\/div>\n\t\t\t\t<div class=\"elementor-element elementor-element-63a0ef0 elementor-widget elementor-widget-heading\" data-id=\"63a0ef0\" data-element_type=\"widget\" data-e-type=\"widget\" data-widget_type=\"heading.default\">\n\t\t\t\t<div class=\"elementor-widget-container\">\n\t\t\t\t\t<h2 class=\"elementor-heading-title elementor-size-default\">Lauantaina 8.7. arvostellaan FCI:n ryhm\u00e4t 1, 3<br>\nSunnuntaina 9.7. arvostellaan FCI:N ryhm\u00e4t 5, 9<\/h2>\t\t\t\t<\/div>\n\t\t\t\t<\/div>\n\t\t\t\t<div class=\"elementor-element elementor-element-d1cbb4b elementor-widget elementor-widget-text-editor\" data-id=\"d1cbb4b\" data-element_type=\"widget\" data-e-type=\"widget\" data-widget_type=\"text-editor.default\">\n\t\t\t\t<div class=\"elementor-widget-container\">\n\t\t\t\t\t\t\t\t\t*= tuomarimuutos\n<br>\n\u00a4= ilmoittautumisaikana julkaistu muutos, muutokset oikeuttavat maksunpalautukseen vain muutosta ennen ilmoitettujen koirien osalta\n<br>\n#= siirto varalle ilmoitetulle tuomarille, ei oikeuta maksunpalautukseen\t\t\t\t\t\t\t\t<\/div>\n\t\t\t\t<\/div>\n\t\t\t\t<div class=\"elementor-element elementor-element-7ef7ee9 elementor-widget elementor-widget-text-editor\" data-id=\"7ef7ee9\" data-element_type=\"widget\" data-e-type=\"widget\" data-widget_type=\"text-editor.default\">\n\t\t\t\t<div class=\"elementor-widget-container\">\n\t\t\t\t\t\t\t\t\t<table width=\"371\">\n<tbody>\n<tr>\n<td width=\"279\">\n<h2>ARVIOITU ARVOSTELUAIKATAULU<\/h2>\n<\/td>\n<td width=\"40\">&nbsp;<\/td>\n<td width=\"52\">&nbsp;<\/td>\n<\/tr>\n<tr>\n<td>\n<h2>LAUANTAI 8.7.2023<\/h2>\n<\/td>\n<td>&nbsp;<\/td>\n<td>&nbsp;<\/td>\n<\/tr>\n<tr>\n<td><b>KEH\u00c4 1<\/b><\/td>\n<td>&nbsp;<\/td>\n<td>&nbsp;<\/td>\n<\/tr>\n<tr>\n<td>Tanya Ahlman-Stockmari,&nbsp;<\/td>\n<td>39<\/td>\n<td>&nbsp;<\/td>\n<\/tr>\n<tr>\n<td>bullterrieri<\/td>\n<td>1<\/td>\n<td>11.00<\/td>\n<\/tr>\n<tr>\n<td>cairnterrieri<\/td>\n<td>6<\/td>\n<td>&nbsp;<\/td>\n<\/tr>\n<tr>\n<td>#valkoinen l\u00e4nsiyl\u00e4maanterrieri<\/td>\n<td>1<\/td>\n<td>&nbsp;<\/td>\n<\/tr>\n<tr>\n<td>skotlanninterrieri<\/td>\n<td>4<\/td>\n<td>&nbsp;<\/td>\n<\/tr>\n<tr>\n<td>karkeakarvainen kettuterrieri<\/td>\n<td>2<\/td>\n<td>&nbsp;<\/td>\n<\/tr>\n<tr>\n<td>silkkiterrieri<\/td>\n<td>3<\/td>\n<td>&nbsp;<\/td>\n<\/tr>\n<tr>\n<td>brasilianterrieri<\/td>\n<td>1<\/td>\n<td>&nbsp;<\/td>\n<\/tr>\n<tr>\n<td>manchesterinterrieri<\/td>\n<td>1<\/td>\n<td>&nbsp;<\/td>\n<\/tr>\n<tr>\n<td>glen of imaalinterrieri<\/td>\n<td>2<\/td>\n<td>&nbsp;<\/td>\n<\/tr>\n<tr>\n<td>bedlingtoninterrieri<\/td>\n<td>1<\/td>\n<td>&nbsp;<\/td>\n<\/tr>\n<tr>\n<td>* australiankarjakoira<\/td>\n<td>4<\/td>\n<td>&nbsp;<\/td>\n<\/tr>\n<tr>\n<td>* bordercollie<\/td>\n<td>2<\/td>\n<td>&nbsp;<\/td>\n<\/tr>\n<tr>\n<td>* australiankelpie<\/td>\n<td>4<\/td>\n<td>&nbsp;<\/td>\n<\/tr>\n<tr>\n<td>* lancashirenkarjakoira<\/td>\n<td>4<\/td>\n<td>&nbsp;<\/td>\n<\/tr>\n<tr>\n<td>* partacollie<\/td>\n<td>1<\/td>\n<td>&nbsp;<\/td>\n<\/tr>\n<tr>\n<td>* pieniamerikanpaimenkoira<\/td>\n<td>1<\/td>\n<td>&nbsp;<\/td>\n<\/tr>\n<tr>\n<td>* bouvier<\/td>\n<td>1<\/td>\n<td>&nbsp;<\/td>\n<\/tr>\n<tr>\n<td>&nbsp;<\/td>\n<td>&nbsp;<\/td>\n<td>&nbsp;<\/td>\n<\/tr>\n<tr>\n<td><b>KEH\u00c4 2<\/b><\/td>\n<td>&nbsp;<\/td>\n<td>&nbsp;<\/td>\n<\/tr>\n<tr>\n<td>Zorica Blomqvist, Ruotsi<\/td>\n<td>50<\/td>\n<td>&nbsp;<\/td>\n<\/tr>\n<tr>\n<td>shetlanninlammaskoira<\/td>\n<td>21<\/td>\n<td>10.30<\/td>\n<\/tr>\n<tr>\n<td>schapendoes<\/td>\n<td>6<\/td>\n<td>&nbsp;<\/td>\n<\/tr>\n<tr>\n<td>welsh corgi pembroke<\/td>\n<td>7<\/td>\n<td>12.30<\/td>\n<\/tr>\n<tr>\n<td>welsh corgi cardigan<\/td>\n<td>5<\/td>\n<td>&nbsp;<\/td>\n<\/tr>\n<tr>\n<td>schipperke<\/td>\n<td>4<\/td>\n<td>&nbsp;<\/td>\n<\/tr>\n<tr>\n<td>mudi<\/td>\n<td>2<\/td>\n<td>&nbsp;<\/td>\n<\/tr>\n<tr>\n<td>tsekinpaimenkoira<\/td>\n<td>3<\/td>\n<td>&nbsp;<\/td>\n<\/tr>\n<tr>\n<td>owczarek podhalanski<\/td>\n<td>1<\/td>\n<td>&nbsp;<\/td>\n<\/tr>\n<tr>\n<td>vanhaenglanninlammaskoira<\/td>\n<td>1<\/td>\n<td>&nbsp;<\/td>\n<\/tr>\n<tr>\n<td>&nbsp;<\/td>\n<td>&nbsp;<\/td>\n<td>&nbsp;<\/td>\n<\/tr>\n<tr>\n<td><b>KEH\u00c4 3<\/b><\/td>\n<td>&nbsp;<\/td>\n<td>&nbsp;<\/td>\n<\/tr>\n<tr>\n<td>Markku Kipin\u00e4<\/td>\n<td>71<\/td>\n<td>&nbsp;<\/td>\n<\/tr>\n<tr>\n<td>australianpaimenkoira<\/td>\n<td>13<\/td>\n<td>10.00<\/td>\n<\/tr>\n<tr>\n<td>valkoinenpaimenkoira<\/td>\n<td>7<\/td>\n<td>&nbsp;<\/td>\n<\/tr>\n<tr>\n<td>saksanpaimenkoira<\/td>\n<td>5<\/td>\n<td>&nbsp;<\/td>\n<\/tr>\n<tr>\n<td>saksanpaimenkoira, pitk\u00e4karvainen<\/td>\n<td>2<\/td>\n<td>&nbsp;<\/td>\n<\/tr>\n<tr>\n<td>belgianpaimenkoira, groenendael<\/td>\n<td>1<\/td>\n<td>&nbsp;<\/td>\n<\/tr>\n<tr>\n<td>belgianpaimenkoira, malinois<\/td>\n<td>1<\/td>\n<td>&nbsp;<\/td>\n<\/tr>\n<tr>\n<td>belgianpaimenkoira, tervueren<\/td>\n<td>1<\/td>\n<td>&nbsp;<\/td>\n<\/tr>\n<tr>\n<td>hollanninpaimenkoira, pitk\u00e4karvainen<\/td>\n<td>3<\/td>\n<td>&nbsp;<\/td>\n<\/tr>\n<tr>\n<td>it\u00e4euroopanpaimenkoira<\/td>\n<td>1<\/td>\n<td>&nbsp;<\/td>\n<\/tr>\n<tr>\n<td>pitk\u00e4karvainen pyreneittenpaimenkoira<\/td>\n<td>8<\/td>\n<td>12.30<\/td>\n<\/tr>\n<tr>\n<td>lyhytkarvainen pyreneittenpaimenkoira<\/td>\n<td>1<\/td>\n<td>&nbsp;<\/td>\n<\/tr>\n<tr>\n<td>serra de airesinpaimenkoira<\/td>\n<td>2<\/td>\n<td>&nbsp;<\/td>\n<\/tr>\n<tr>\n<td>#sile\u00e4karvainen collie<\/td>\n<td>12<\/td>\n<td>&nbsp;<\/td>\n<\/tr>\n<tr>\n<td>#pitk\u00e4karvainen collie<\/td>\n<td>8<\/td>\n<td>&nbsp;<\/td>\n<\/tr>\n<tr>\n<td>#maremmano-abruzzese<\/td>\n<td>6<\/td>\n<td>&nbsp;<\/td>\n<\/tr>\n<tr>\n<td>&nbsp;<\/td>\n<td>&nbsp;<\/td>\n<td>&nbsp;<\/td>\n<\/tr>\n<tr>\n<td><b>KEH\u00c4 4<\/b><\/td>\n<td>&nbsp;<\/td>\n<td>&nbsp;<\/td>\n<\/tr>\n<tr>\n<td>Lidija Oklescen, Slovenia<\/td>\n<td>38<\/td>\n<td>&nbsp;<\/td>\n<\/tr>\n<tr>\n<td>\u00a4 jackrussellinterrieri<\/td>\n<td>11<\/td>\n<td>11.00<\/td>\n<\/tr>\n<tr>\n<td>\u00a4 parsonrussellinterrieri<\/td>\n<td>3<\/td>\n<td>&nbsp;<\/td>\n<\/tr>\n<tr>\n<td>\u00a4 staffordshirenbullterrieri<\/td>\n<td>8<\/td>\n<td>&nbsp;<\/td>\n<\/tr>\n<tr>\n<td>\u00a4 amerikanstaffordshirenterrieri<\/td>\n<td>4<\/td>\n<td>&nbsp;<\/td>\n<\/tr>\n<tr>\n<td>\u00a4 airedalenterrieri<\/td>\n<td>4<\/td>\n<td>&nbsp;<\/td>\n<\/tr>\n<tr>\n<td>\u00a4 irlanninterrieri<\/td>\n<td>2<\/td>\n<td>&nbsp;<\/td>\n<\/tr>\n<tr>\n<td>\u00a4 k\u00e4\u00e4pi\u00f6bullterrieri<\/td>\n<td>1<\/td>\n<td>&nbsp;<\/td>\n<\/tr>\n<tr>\n<td>\u00a4 englannink\u00e4\u00e4pi\u00f6terrieri<\/td>\n<td>5<\/td>\n<td>&nbsp;<\/td>\n<\/tr>\n<tr>\n<td>&nbsp;<\/td>\n<td>&nbsp;<\/td>\n<td>&nbsp;<\/td>\n<\/tr>\n<tr>\n<td><b>KEH\u00c4 5<\/b><\/td>\n<td>&nbsp;<\/td>\n<td>&nbsp;<\/td>\n<\/tr>\n<tr>\n<td>Pekka Teini<\/td>\n<td>30<\/td>\n<td>&nbsp;<\/td>\n<\/tr>\n<tr>\n<td>borderterrieri<\/td>\n<td>11<\/td>\n<td>12.00<\/td>\n<\/tr>\n<tr>\n<td>norwichinterrieri<\/td>\n<td>8<\/td>\n<td>&nbsp;<\/td>\n<\/tr>\n<tr>\n<td>norfolkinterrieri<\/td>\n<td>3<\/td>\n<td>&nbsp;<\/td>\n<\/tr>\n<tr>\n<td>tenterfieldinterrieri<\/td>\n<td>2<\/td>\n<td>&nbsp;<\/td>\n<\/tr>\n<tr>\n<td>vehn\u00e4terrieri<\/td>\n<td>2<\/td>\n<td>&nbsp;<\/td>\n<\/tr>\n<tr>\n<td>yorkshirenterrieri<\/td>\n<td>1<\/td>\n<td>&nbsp;<\/td>\n<\/tr>\n<tr>\n<td>sile\u00e4karvainen kettuterrieri<\/td>\n<td>2<\/td>\n<td>&nbsp;<\/td>\n<\/tr>\n<tr>\n<td>saksanmets\u00e4stysterrieri<\/td>\n<td>1<\/td>\n<td>&nbsp;<\/td>\n<\/tr>\n<tr>\n<td>&nbsp;<\/td>\n<td>&nbsp;<\/td>\n<td>&nbsp;<\/td>\n<\/tr>\n<tr>\n<td>\n<h2>ARVIOITU ARVOSTELUAIKATAULU<\/h2>\n<\/td>\n<td>&nbsp;<\/td>\n<td>&nbsp;<\/td>\n<\/tr>\n<tr>\n<td>\n<h2>SUNNUNTAI 9.7.2023<\/h2>\n<\/td>\n<td>&nbsp;<\/td>\n<td>&nbsp;<\/td>\n<\/tr>\n<tr>\n<td><b>KEH\u00c4 1<\/b><\/td>\n<td>&nbsp;<\/td>\n<td>&nbsp;<\/td>\n<\/tr>\n<tr>\n<td>Tanya Ahlman-Stockmari,&nbsp;<\/td>\n<td>52<\/td>\n<td>&nbsp;<\/td>\n<\/tr>\n<tr>\n<td>bostoninterrieri<\/td>\n<td>5<\/td>\n<td>09.00<\/td>\n<\/tr>\n<tr>\n<td>cavalier kingcharlesinspanieli<\/td>\n<td>8<\/td>\n<td>&nbsp;<\/td>\n<\/tr>\n<tr>\n<td>coton de tul\u00e9ar<\/td>\n<td>10<\/td>\n<td>&nbsp;<\/td>\n<\/tr>\n<tr>\n<td>kingcharlesinspanieli<\/td>\n<td>1<\/td>\n<td>&nbsp;<\/td>\n<\/tr>\n<tr>\n<td>villakoirien mittaus<\/td>\n<td>&nbsp;<\/td>\n<td>11.00<\/td>\n<\/tr>\n<tr>\n<td>villakoira, toy<\/td>\n<td>2<\/td>\n<td>11.15<\/td>\n<\/tr>\n<tr>\n<td>villakoira, k\u00e4\u00e4pi\u00f6, mu, rusk ja valk<\/td>\n<td>8<\/td>\n<td>&nbsp;<\/td>\n<\/tr>\n<tr>\n<td>villakoira, k\u00e4\u00e4pi\u00f6, harm, apr ja pun<\/td>\n<td>2<\/td>\n<td>&nbsp;<\/td>\n<\/tr>\n<tr>\n<td>villakoira, keskikok, mu, rusk ja valk<\/td>\n<td>9<\/td>\n<td>&nbsp;<\/td>\n<\/tr>\n<tr>\n<td>villakoira, keskikok, harm, apr ja pun<\/td>\n<td>3<\/td>\n<td>&nbsp;<\/td>\n<\/tr>\n<tr>\n<td>villakoira, iso, mu, rusk ja valk<\/td>\n<td>3<\/td>\n<td>&nbsp;<\/td>\n<\/tr>\n<tr>\n<td>villakoira, iso, harm, apri ja pun<\/td>\n<td>1<\/td>\n<td>&nbsp;<\/td>\n<\/tr>\n<tr>\n<td>&nbsp;<\/td>\n<td>&nbsp;<\/td>\n<td>&nbsp;<\/td>\n<\/tr>\n<tr>\n<td><b>KEH\u00c4 2<\/b><\/td>\n<td>&nbsp;<\/td>\n<td>&nbsp;<\/td>\n<\/tr>\n<tr>\n<td>Zorica Blomqvist, Ruotsi<\/td>\n<td>61<\/td>\n<td>&nbsp;<\/td>\n<\/tr>\n<tr>\n<td>l\u00e4nsig\u00f6\u00f6tanmaanpystykorva<\/td>\n<td>8<\/td>\n<td>09.00<\/td>\n<\/tr>\n<tr>\n<td>lunnikoira<\/td>\n<td>3<\/td>\n<td>&nbsp;<\/td>\n<\/tr>\n<tr>\n<td>akita<\/td>\n<td>7<\/td>\n<td>&nbsp;<\/td>\n<\/tr>\n<tr>\n<td>amerikanakita<\/td>\n<td>5<\/td>\n<td>&nbsp;<\/td>\n<\/tr>\n<tr>\n<td>saksanpystykorva, keeshond<\/td>\n<td>7<\/td>\n<td>&nbsp;<\/td>\n<\/tr>\n<tr>\n<td>saksanpystykorvien mittaus<\/td>\n<td>&nbsp;<\/td>\n<td>11.30<\/td>\n<\/tr>\n<tr>\n<td>mittelspitz, muut v\u00e4rit<\/td>\n<td>9<\/td>\n<td>11.45<\/td>\n<\/tr>\n<tr>\n<td>mittelspitz, musta ja ruskea<\/td>\n<td>3<\/td>\n<td>&nbsp;<\/td>\n<\/tr>\n<tr>\n<td>mittelspitz, valkoinen<\/td>\n<td>1<\/td>\n<td>&nbsp;<\/td>\n<\/tr>\n<tr>\n<td>kleinspitz, muut v\u00e4rit<\/td>\n<td>8<\/td>\n<td>&nbsp;<\/td>\n<\/tr>\n<tr>\n<td>kleinspitz, musta ja ruskea<\/td>\n<td>3<\/td>\n<td>&nbsp;<\/td>\n<\/tr>\n<tr>\n<td>pomeranian<\/td>\n<td>7<\/td>\n<td>&nbsp;<\/td>\n<\/tr>\n<tr>\n<td>&nbsp;<\/td>\n<td>&nbsp;<\/td>\n<td>&nbsp;<\/td>\n<\/tr>\n<tr>\n<td><b>KEH\u00c4 3<\/b><\/td>\n<td>&nbsp;<\/td>\n<td>&nbsp;<\/td>\n<\/tr>\n<tr>\n<td>Markku Kipin\u00e4<\/td>\n<td>71<\/td>\n<td>&nbsp;<\/td>\n<\/tr>\n<tr>\n<td>alaskanmalamuutti<\/td>\n<td>5<\/td>\n<td>09.00<\/td>\n<\/tr>\n<tr>\n<td>samojedinkoira<\/td>\n<td>5<\/td>\n<td>&nbsp;<\/td>\n<\/tr>\n<tr>\n<td>siperianhusky<\/td>\n<td>3<\/td>\n<td>&nbsp;<\/td>\n<\/tr>\n<tr>\n<td>lapinporokoira<\/td>\n<td>2<\/td>\n<td>&nbsp;<\/td>\n<\/tr>\n<tr>\n<td>japaninpystykorva<\/td>\n<td>4<\/td>\n<td>&nbsp;<\/td>\n<\/tr>\n<tr>\n<td>chow chow<\/td>\n<td>1<\/td>\n<td>&nbsp;<\/td>\n<\/tr>\n<tr>\n<td>basenji<\/td>\n<td>4<\/td>\n<td>&nbsp;<\/td>\n<\/tr>\n<tr>\n<td>shiba<\/td>\n<td>2<\/td>\n<td>&nbsp;<\/td>\n<\/tr>\n<tr>\n<td>meksikonkarvatonkoira, pieni<\/td>\n<td>1<\/td>\n<td>&nbsp;<\/td>\n<\/tr>\n<tr>\n<td>meksikonkarvatonkoira, keskikokoinen<\/td>\n<td>1<\/td>\n<td>&nbsp;<\/td>\n<\/tr>\n<tr>\n<td>perunkarvatonkoira, iso<\/td>\n<td>1<\/td>\n<td>&nbsp;<\/td>\n<\/tr>\n<tr>\n<td>portugalinpodengo, sile\u00e4karvainen, pieni<\/td>\n<td>1<\/td>\n<td>&nbsp;<\/td>\n<\/tr>\n<tr>\n<td>#tiibetinspanieli<\/td>\n<td>14<\/td>\n<td>11.00<\/td>\n<\/tr>\n<tr>\n<td>#mopsi<\/td>\n<td>7<\/td>\n<td>&nbsp;<\/td>\n<\/tr>\n<tr>\n<td>#bichon fris\u00e9<\/td>\n<td>3<\/td>\n<td>&nbsp;<\/td>\n<\/tr>\n<tr>\n<td>#ven\u00e4j\u00e4nbolonka<\/td>\n<td>2<\/td>\n<td>&nbsp;<\/td>\n<\/tr>\n<tr>\n<td>#ven\u00e4j\u00e4ntoy, lyhytkarvainen<\/td>\n<td>4<\/td>\n<td>&nbsp;<\/td>\n<\/tr>\n<tr>\n<td>#ven\u00e4j\u00e4ntoy, pitk\u00e4karvainen<\/td>\n<td>3<\/td>\n<td>&nbsp;<\/td>\n<\/tr>\n<tr>\n<td>#tiibetinterrieri<\/td>\n<td>8<\/td>\n<td>&nbsp;<\/td>\n<\/tr>\n<tr>\n<td>&nbsp;<\/td>\n<td>&nbsp;<\/td>\n<td>&nbsp;<\/td>\n<\/tr>\n<tr>\n<td><b>KEH\u00c4 4<\/b><\/td>\n<td>&nbsp;<\/td>\n<td>&nbsp;<\/td>\n<\/tr>\n<tr>\n<td>Lidija Oklescen, Slovenia<\/td>\n<td>77<\/td>\n<td>&nbsp;<\/td>\n<\/tr>\n<tr>\n<td>\u00a4 ranskanbulldoggi<\/td>\n<td>7<\/td>\n<td>09.00<\/td>\n<\/tr>\n<tr>\n<td>\u00a4 petit brabancon<\/td>\n<td>2<\/td>\n<td>&nbsp;<\/td>\n<\/tr>\n<tr>\n<td>\u00a4 griffon bruxellois<\/td>\n<td>2<\/td>\n<td>&nbsp;<\/td>\n<\/tr>\n<tr>\n<td>\u00a4 chihuahua, lyhytkarvainen<\/td>\n<td>5<\/td>\n<td>&nbsp;<\/td>\n<\/tr>\n<tr>\n<td>\u00a4 chihuahua, pitk\u00e4karvainen<\/td>\n<td>7<\/td>\n<td>&nbsp;<\/td>\n<\/tr>\n<tr>\n<td>\u00a4 havannankoira<\/td>\n<td>20<\/td>\n<td>11.00<\/td>\n<\/tr>\n<tr>\n<td>\u00a4 papillon<\/td>\n<td>8<\/td>\n<td>&nbsp;<\/td>\n<\/tr>\n<tr>\n<td>\u00a4 phal\u00e8ne<\/td>\n<td>6<\/td>\n<td>&nbsp;<\/td>\n<\/tr>\n<tr>\n<td>\u00a4 lhasa apso<\/td>\n<td>7<\/td>\n<td>&nbsp;<\/td>\n<\/tr>\n<tr>\n<td>\u00a4 japanese chin<\/td>\n<td>4<\/td>\n<td>&nbsp;<\/td>\n<\/tr>\n<tr>\n<td>\u00a4 kiinanpalatsikoira, pekingeesi<\/td>\n<td>2<\/td>\n<td>&nbsp;<\/td>\n<\/tr>\n<tr>\n<td>\u00a4 maltankoira<\/td>\n<td>1<\/td>\n<td>&nbsp;<\/td>\n<\/tr>\n<tr>\n<td>\u00a4 l\u00f6wchen<\/td>\n<td>4<\/td>\n<td>&nbsp;<\/td>\n<\/tr>\n<tr>\n<td>\u00a4 shih tzu<\/td>\n<td>2<\/td>\n<td>&nbsp;<\/td>\n<\/tr>\n<tr>\n<td>&nbsp;<\/td>\n<td>&nbsp;<\/td>\n<td>&nbsp;<\/td>\n<\/tr>\n<tr>\n<td><b>KEH\u00c4 5<\/b><\/td>\n<td>&nbsp;<\/td>\n<td>&nbsp;<\/td>\n<\/tr>\n<tr>\n<td>Pekka Teini<\/td>\n<td>54<\/td>\n<td>&nbsp;<\/td>\n<\/tr>\n<tr>\n<td>suomenlapinkoira<\/td>\n<td>14<\/td>\n<td>09.30<\/td>\n<\/tr>\n<tr>\n<td>ruotsinlapinkoira<\/td>\n<td>1<\/td>\n<td>&nbsp;<\/td>\n<\/tr>\n<tr>\n<td>jakutianlaika<\/td>\n<td>3<\/td>\n<td>&nbsp;<\/td>\n<\/tr>\n<tr>\n<td>eurasier<\/td>\n<td>3<\/td>\n<td>&nbsp;<\/td>\n<\/tr>\n<tr>\n<td>kainkoira<\/td>\n<td>1<\/td>\n<td>&nbsp;<\/td>\n<\/tr>\n<tr>\n<td>shikokunkoira<\/td>\n<td>1<\/td>\n<td>&nbsp;<\/td>\n<\/tr>\n<tr>\n<td>islanninlammaskoira<\/td>\n<td>1<\/td>\n<td>&nbsp;<\/td>\n<\/tr>\n<tr>\n<td>buhund<\/td>\n<td>1<\/td>\n<td>&nbsp;<\/td>\n<\/tr>\n<tr>\n<td>etnankoira<\/td>\n<td>1<\/td>\n<td>&nbsp;<\/td>\n<\/tr>\n<tr>\n<td>harmaa norjanhirvikoira<\/td>\n<td>7<\/td>\n<td>11.30<\/td>\n<\/tr>\n<tr>\n<td>pohjanpystykorva<\/td>\n<td>4<\/td>\n<td>&nbsp;<\/td>\n<\/tr>\n<tr>\n<td>karjalankarhukoira<\/td>\n<td>4<\/td>\n<td>&nbsp;<\/td>\n<\/tr>\n<tr>\n<td>j\u00e4mtlanninpystykorva<\/td>\n<td>10<\/td>\n<td>&nbsp;<\/td>\n<\/tr>\n<tr>\n<td>suomenpystykorva<\/td>\n<td>2<\/td>\n<td>&nbsp;<\/td>\n<\/tr>\n<tr>\n<td>valkoinen ruotsinhirvikoira<\/td>\n<td>1<\/td>\n<td>&nbsp;<\/td>\n<\/tr>\n<\/tbody>\n<\/table>\t\t\t\t\t\t\t\t<\/div>\n\t\t\t\t<\/div>\n\t\t\t\t\t<\/div>\n\t\t<\/div>\n\t\t\t\t\t<\/div>\n\t\t<\/section>\n\t\t\t\t<\/div>\n\t\t","protected":false},"excerpt":{"rendered":"<p>Kokem\u00e4ki Ryhm\u00e4n\u00e4yttely FCI 1, 3, 5 &#038; 9 8.-9.7.2023 Yhteisty\u00f6kumppanit Aikataulu julkaistu 22.6.2023 Aikataulukirje (pdf) Lauantaina 8.7. arvostellaan FCI:n ryhm\u00e4t [&hellip;]<\/p>\n","protected":false},"author":1,"featured_media":0,"parent":0,"menu_order":0,"comment_status":"closed","ping_status":"closed","template":"","meta":{"site-sidebar-layout":"no-sidebar","site-content-layout":"page-builder","ast-site-content-layout":"default","site-content-style":"default","site-sidebar-style":"default","ast-global-header-display":"","ast-banner-title-visibility":"","ast-main-header-display":"","ast-hfb-above-header-display":"","ast-hfb-below-header-display":"","ast-hfb-mobile-header-display":"","site-post-title":"disabled","ast-breadcrumbs-content":"","ast-featured-img":"disabled","footer-sml-layout":"","ast-disable-related-posts":"","theme-transparent-header-meta":"","adv-header-id-meta":"","stick-header-meta":"","header-above-stick-meta":"","header-main-stick-meta":"","header-below-stick-meta":"","astra-migrate-meta-layouts":"default","ast-page-background-enabled":"default","ast-page-background-meta":{"desktop":{"background-color":"var(--ast-global-color-4)","background-image":"","background-repeat":"repeat","background-position":"center center","background-size":"auto","background-attachment":"scroll","background-type":"","background-media":"","overlay-type":"","overlay-color":"","overlay-opacity":"","overlay-gradient":""},"tablet":{"background-color":"","background-image":"","background-repeat":"repeat","background-position":"center center","background-size":"auto","background-attachment":"scroll","background-type":"","background-media":"","overlay-type":"","overlay-color":"","overlay-opacity":"","overlay-gradient":""},"mobile":{"background-color":"","background-image":"","background-repeat":"repeat","background-position":"center center","background-size":"auto","background-attachment":"scroll","background-type":"","background-media":"","overlay-type":"","overlay-color":"","overlay-opacity":"","overlay-gradient":""}},"ast-content-background-meta":{"desktop":{"background-color":"var(--ast-global-color-5)","background-image":"","background-repeat":"repeat","background-position":"center center","background-size":"auto","background-attachment":"scroll","background-type":"","background-media":"","overlay-type":"","overlay-color":"","overlay-opacity":"","overlay-gradient":""},"tablet":{"background-color":"var(--ast-global-color-5)","background-image":"","background-repeat":"repeat","background-position":"center center","background-size":"auto","background-attachment":"scroll","background-type":"","background-media":"","overlay-type":"","overlay-color":"","overlay-opacity":"","overlay-gradient":""},"mobile":{"background-color":"var(--ast-global-color-5)","background-image":"","background-repeat":"repeat","background-position":"center center","background-size":"auto","background-attachment":"scroll","background-type":"","background-media":"","overlay-type":"","overlay-color":"","overlay-opacity":"","overlay-gradient":""}},"footnotes":""},"class_list":["post-92","page","type-page","status-publish","hentry"],"_links":{"self":[{"href":"https:\/\/teljo.fi\/nayttely\/index.php\/wp-json\/wp\/v2\/pages\/92","targetHints":{"allow":["GET"]}}],"collection":[{"href":"https:\/\/teljo.fi\/nayttely\/index.php\/wp-json\/wp\/v2\/pages"}],"about":[{"href":"https:\/\/teljo.fi\/nayttely\/index.php\/wp-json\/wp\/v2\/types\/page"}],"author":[{"embeddable":true,"href":"https:\/\/teljo.fi\/nayttely\/index.php\/wp-json\/wp\/v2\/users\/1"}],"replies":[{"embeddable":true,"href":"https:\/\/teljo.fi\/nayttely\/index.php\/wp-json\/wp\/v2\/comments?post=92"}],"version-history":[{"count":28,"href":"https:\/\/teljo.fi\/nayttely\/index.php\/wp-json\/wp\/v2\/pages\/92\/revisions"}],"predecessor-version":[{"id":345,"href":"https:\/\/teljo.fi\/nayttely\/index.php\/wp-json\/wp\/v2\/pages\/92\/revisions\/345"}],"wp:attachment":[{"href":"https:\/\/teljo.fi\/nayttely\/index.php\/wp-json\/wp\/v2\/media?parent=92"}],"curies":[{"name":"wp","href":"https:\/\/api.w.org\/{rel}","templated":true}]}}